{"id":8649,"date":"2022-12-09T09:04:27","date_gmt":"2022-12-09T14:04:27","guid":{"rendered":"https:\/\/www.deltastar.com\/event\/"},"modified":"2026-01-06T10:49:06","modified_gmt":"2026-01-06T15:49:06","slug":"event","status":"publish","type":"page","link":"https:\/\/www.deltastar.com\/fr\/events\/","title":{"rendered":"\u00c9v\u00e9nements"},"content":{"rendered":"\n<section class=\"bs-section bs-section-c937395e5ff9e9fb0f0c255ee51498d21018bcef bs-section---default bs-section--common-banner bs-section--newsroom-banner  \"><div class=\"container\">\n<div class=\"bs-row row   bs-row---default\">\n<div class=\" bs-column col-sm-12 col-md-7   bs-column-fadfbbf28a7232f94743812857338543ad51e608 bs-column---default     \">\n<div class=\"bs-div bs-div-18fa47d6f9457216c328f0652d057e94286845eb bs-div---default bs-div--common-section-lottie-title\"><div class=\"bs-div__inner     \"><div class=\"bs-lottie-animator bs-lottie-animator---default\"\n            id=lottie-2b92ba28-0d27-4fdc-8a0a-ce2dec5d8b8e\n            data-settings={\"desktop\":{\"settings\":{\"animateViewPort\":50,\"direction\":1,\"delay\":0,\"loop\":false,\"fileName\":\"section-title-lottie.json\",\"mouseOutAction\":\"none\",\"numberOfLoops\":0,\"playSpeed\":1,\"path\":\"https:\\\/\\\/www.deltastar.com\\\/wp-content\\\/uploads\\\/2023\\\/01\\\/section-title-lottie.json\",\"scrollRelativeTo\":\"withinSection\",\"trigger\":false,\"triggerMethod\":\"pageHover\",\"oneTimePlay\":true}},\"mobile\":{\"breakpoint\":576,\"settings\":{\"animateViewPort\":50,\"direction\":1,\"delay\":0,\"loop\":false,\"fileName\":\"\",\"mouseOutAction\":\"none\",\"numberOfLoops\":0,\"playSpeed\":1,\"path\":\"\",\"scrollRelativeTo\":\"withinSection\",\"trigger\":false,\"triggerMethod\":\"pageHover\",\"oneTimePlay\":true}}}\n          ><\/div>\n\n\n<h1 class=\"wp-block-heading\">\u00c9v\u00e9nements<\/h1>\n<\/div><\/div>\n<\/div>\n<\/div>\n<\/div><\/section>\n\n\n\n<section class=\"bs-section bs-section-b97ae06945c27b114cc23971cab3f9c89b765bdb bs-section---default bs-section--newsroom-featured  \"><div class=\"container\">\n<div class=\"bs-row row   bs-row---default\">\n<div class=\" bs-column col-sm-12   bs-column-5f6574ebb29ac8d58ab608d2aff5b1bbe4f96332 bs-column---default     \"><div class=\"bs-posts bs-post-block---default bs-post-block--newsroom-featured enable\">\n\t<div class=\"bs-posts__container\">\n\t\t<!--Featured posts grid-->\n\t<div class='bs-posts__featured'>\n\t\t\n\t\t\t\t\t<div class='bs-posts__featured-grid'>\n\t\t\t\t<div class='bs-posts__featured-row row'>\n\t\t\t\t\t\t\t\t\t<\/div>\n\t\t\t<\/div>\n\t\t\t<\/div>\n    <\/div>\n<\/div>\n<\/div>\n<\/div>\n<\/div><\/section>\n\n\n\n<section class=\"bs-section bs-section-1c63878b4df8cee1b13d5878663284e73fab25e4 bs-section---default bs-section--tags-control bs-section--newsroom-general-news  \"><div class=\"container\">\n<div class=\"bs-row row   bs-row---default bs-row--filter bs-row--filters-row\">\n<div class=\" bs-column col-12 col-md-4   bs-column-5fd6c088f0908fe56806117c4dc6b00bc3a80e00 bs-column---default     \"><div class=\"facetwp-facet facetwp-facet-search facetwp-type-search\" data-name=\"search\" data-type=\"search\"><\/div>\n<\/div>\n\n\n\n<div class=\" bs-column col-12 col-lg-0 col-md-4   bs-column-846c3c33ec36f6afb602555a1ff34b920c99912d bs-column---default     \">\n<div class=\"bs-div bs-div-585f48aba3f0793a4243c2b5dcb7cb58a22ccb07 bs-div---default bs-div--common-event\"><div class=\"bs-div__inner     \"><div class=\"facetwp-facet facetwp-facet-future_past facetwp-type-future_past\" data-name=\"future_past\" data-type=\"future_past\"><\/div>\n<\/div><\/div>\n<\/div>\n<\/div>\n\n\n\n<div class=\"bs-row row   bs-row---default bs-row--labels bs-row--filters-row\">\n<div class=\" bs-column col-sm-12   bs-column-cd1febcf3ec8c882a43f1b2b75ba84cca0838ec8 bs-column---default bs-column--common-filter-tags-and-clear     \">\n<div class=\"bs-div bs-div-528f46d24dc5ab3a8b0915ebbc24870601d4ded9 bs-div---default bs-div--common-filter-chips\"><div class=\"bs-div__inner     \"><div class=\"facetwp-selections\"><\/div>\n\n\n<div class=\"facetwp-facet facetwp-facet-clear_filters facetwp-type-reset\" data-name=\"clear_filters\" data-type=\"reset\"><\/div>\n<\/div><\/div>\n<\/div>\n<\/div>\n\n\n\n<div class=\"bs-row row   bs-row---default\">\n<div class=\" bs-column col-sm-12 col-md-0   bs-column-e6ae4ca6e9ce198034bc2cc70a478a8974da537a bs-column---default     \"><div class=\"facetwp-template\" data-name=\"event_list\"><div class=\"bs-posts \">\n\n\t\t\t<div class=\"bs-posts__list bs-row row bs-row---default\">\t\t<div class=\"bs-posts__column col-sm-12 col-lg-4 col-md-4\">\n\t\t\t<div class=\"bs-post bs-post__container--no-image bs-single-post--home-resources bs-single-post---default\">\n\t\t\t\t<a class=\"bs-post__trigger\" href='https:\/\/ieeet-d.org\/' target='_blank'>\t\t\t\t<div class=\"bs-post__inner\">\n\t\t\t\t\t<div class=\"bs-post__details\"><div class=\"bs-post__date bs-post__date--event\"> <span>May 4 - 7, 2026<\/span><\/div><div class=\"bs-post__title\"><p>IEEE PES T&#038;D<\/p><\/div><div class=\"bs-post__description\"><p><\/p><\/div><div class=\"bs-post__learn-more\"><span class=\"btn learn-more-text bs-post__learn-more-text\">Read More<\/span><\/div><\/div>\t\t\t\t<\/div>\n\t\t\t\t<\/a>\t\t\t<\/div>\n\t\t<\/div>\n\t\t\t\t\t\t<div class=\"bs-posts__column col-sm-12 col-lg-4 col-md-4\">\n\t\t\t<div class=\"bs-post bs-post__container--no-image bs-single-post--home-resources bs-single-post---default\">\n\t\t\t\t<a class=\"bs-post__trigger\" href='https:\/\/theexchange.org\/conference\/' target='_blank'>\t\t\t\t<div class=\"bs-post__inner\">\n\t\t\t\t\t<div class=\"bs-post__details\"><div class=\"bs-post__date bs-post__date--event\"> <span>Jun 23 - 26, 2026<\/span><\/div><div class=\"bs-post__title\"><p>Conf\u00e9rence et salon professionnel de Southeastern Electric Exchange<\/p><\/div><div class=\"bs-post__description\"><p><\/p><\/div><div class=\"bs-post__learn-more\"><span class=\"btn learn-more-text bs-post__learn-more-text\">Read More<\/span><\/div><\/div>\t\t\t\t<\/div>\n\t\t\t\t<\/a>\t\t\t<\/div>\n\t\t<\/div>\n\t\t\t\t\t\t<div class=\"bs-posts__column col-sm-12 col-lg-4 col-md-4\">\n\t\t\t<div class=\"bs-post bs-post__container--no-image bs-single-post--home-resources bs-single-post---default\">\n\t\t\t\t<a class=\"bs-post__trigger\" href='javascript:void(0)' target='_self' data-none=\"none\">\t\t\t\t<div class=\"bs-post__inner\">\n\t\t\t\t\t<div class=\"bs-post__details\"><div class=\"bs-post__date bs-post__date--event\"> <span>Sep 3 - 5, 2026<\/span><\/div><div class=\"bs-post__title\"><p>Symposium sur la conception des lignes de transport et des postes \u00e9lectriques (TSDOS)<\/p><\/div><div class=\"bs-post__description\"><p><\/p><\/div><div class=\"bs-post__learn-more\"><span class=\"btn learn-more-text bs-post__learn-more-text\">Read More<\/span><\/div><\/div>\t\t\t\t<\/div>\n\t\t\t\t<\/a>\t\t\t<\/div>\n\t\t<\/div>\n\t\t<\/div>\t\t<div class=\"bs-posts__list bs-row row bs-row---default\">\t\t<div class=\"bs-posts__column col-sm-12 col-lg-4 col-md-4\">\n\t\t\t<div class=\"bs-post bs-post__container--no-image bs-single-post--home-resources bs-single-post---default\">\n\t\t\t\t<a class=\"bs-post__trigger\" href='javascript:void(0)' target='_self' data-none=\"none\">\t\t\t\t<div class=\"bs-post__inner\">\n\t\t\t\t\t<div class=\"bs-post__details\"><div class=\"bs-post__date bs-post__date--event\"> <span>Sep 15 - 18, 2026<\/span><\/div><div class=\"bs-post__title\"><p>Conf\u00e9rence sur le transport d\u2019\u00e9lectricit\u00e9 du Midwest<\/p><\/div><div class=\"bs-post__description\"><p><\/p><\/div><div class=\"bs-post__learn-more\"><span class=\"btn learn-more-text bs-post__learn-more-text\">Read More<\/span><\/div><\/div>\t\t\t\t<\/div>\n\t\t\t\t<\/a>\t\t\t<\/div>\n\t\t<\/div>\n\t\t\t\t\t\t<div class=\"bs-posts__column col-sm-12 col-lg-4 col-md-4\">\n\t\t\t<div class=\"bs-post bs-post__container--no-image bs-single-post--home-resources bs-single-post---default\">\n\t\t\t\t<a class=\"bs-post__trigger\" href='https:\/\/cigre.ca\/2026\/en\/' target='_blank'>\t\t\t\t<div class=\"bs-post__inner\">\n\t\t\t\t\t<div class=\"bs-post__details\"><div class=\"bs-post__date bs-post__date--event\"> <span>Sep 21 - 24, 2026<\/span><\/div><div class=\"bs-post__title\"><p>Cigre Canada<\/p><\/div><div class=\"bs-post__description\"><p><\/p><\/div><div class=\"bs-post__learn-more\"><span class=\"btn learn-more-text bs-post__learn-more-text\">Read More<\/span><\/div><\/div>\t\t\t\t<\/div>\n\t\t\t\t<\/a>\t\t\t<\/div>\n\t\t<\/div>\n\t\t\t\t\t\t<div class=\"bs-posts__column col-sm-12 col-lg-4 col-md-4\">\n\t\t\t<div class=\"bs-post bs-post__container--no-image bs-single-post--home-resources bs-single-post---default\">\n\t\t\t\t<a class=\"bs-post__trigger\" href='https:\/\/bismarckstate.edu\/continuingeducation\/professional\/Conferences\/minnesotapowersystems\/' target='_blank'>\t\t\t\t<div class=\"bs-post__inner\">\n\t\t\t\t\t<div class=\"bs-post__details\"><div class=\"bs-post__date bs-post__date--event\"> <span>Nov 3 - 5, 2026<\/span><\/div><div class=\"bs-post__title\"><p>Conf\u00e9rence sur les syst\u00e8mes \u00e9nerg\u00e9tiques du Minnesota<\/p><\/div><div class=\"bs-post__description\"><p><\/p><\/div><div class=\"bs-post__learn-more\"><span class=\"btn learn-more-text bs-post__learn-more-text\">Read More<\/span><\/div><\/div>\t\t\t\t<\/div>\n\t\t\t\t<\/a>\t\t\t<\/div>\n\t\t<\/div>\n\t\t<\/div>\t\t<div class=\"bs-posts__list bs-row row bs-row---default\">\t\t<div class=\"bs-posts__column col-sm-12 col-lg-4 col-md-4\">\n\t\t\t<div class=\"bs-post bs-post__container--no-image bs-single-post--home-resources bs-single-post---default\">\n\t\t\t\t<a class=\"bs-post__trigger\" href='https:\/\/netforum.nwppa.org\/eweb\/DynamicPage.aspx?webcode=EventInfo&Reg_evt_key=f8817ec6-2f7f-4e21-a066-9d6dc671c49d&RegPath=&FreeEvent=0&Event=Engineering%20&%20Operations%20Conference%20and%20Trade%20Show&FundraisingEvent=0&evt_guest_limit=0' target='_blank'>\t\t\t\t<div class=\"bs-post__inner\">\n\t\t\t\t\t<div class=\"bs-post__details\"><div class=\"bs-post__date bs-post__date--event\"> <span>Apr 14 - 16, 2026<\/span><\/div><div class=\"bs-post__title\"><p>NWPPA<\/p><\/div><div class=\"bs-post__description\"><p><\/p><\/div><div class=\"bs-post__learn-more\"><span class=\"btn learn-more-text bs-post__learn-more-text\">Read More<\/span><\/div><\/div>\t\t\t\t<\/div>\n\t\t\t\t<\/a>\t\t\t<\/div>\n\t\t<\/div>\n\t\t\t\t\t\t<div class=\"bs-posts__column col-sm-12 col-lg-4 col-md-4\">\n\t\t\t<div class=\"bs-post bs-post__container--no-image bs-single-post--home-resources bs-single-post---default\">\n\t\t\t\t<a class=\"bs-post__trigger\" href='https:\/\/web.cvent.com\/event\/1167d469-e813-49af-b39f-e7dfa1f30cdb\/summary' target='_blank'>\t\t\t\t<div class=\"bs-post__inner\">\n\t\t\t\t\t<div class=\"bs-post__details\"><div class=\"bs-post__date bs-post__date--event\"> <span>Mar 29 - Apr 3, 2026<\/span><\/div><div class=\"bs-post__title\"><p>Conf\u00e9rence internationale des clients de Doble<\/p><\/div><div class=\"bs-post__description\"><p><\/p><\/div><div class=\"bs-post__learn-more\"><span class=\"btn learn-more-text bs-post__learn-more-text\">Read More<\/span><\/div><\/div>\t\t\t\t<\/div>\n\t\t\t\t<\/a>\t\t\t<\/div>\n\t\t<\/div>\n\t\t\t\t\t\t<div class=\"bs-posts__column col-sm-12 col-lg-4 col-md-4\">\n\t\t\t<div class=\"bs-post bs-post__container--no-image bs-single-post--home-resources bs-single-post---default\">\n\t\t\t\t<a class=\"bs-post__trigger\" href='https:\/\/www.cooperative.com\/conferences-education\/meetings\/techadvantage\/Pages\/default.aspx' target='_blank'>\t\t\t\t<div class=\"bs-post__inner\">\n\t\t\t\t\t<div class=\"bs-post__details\"><div class=\"bs-post__date bs-post__date--event\"> <span>Mar 8 - 11, 2026<\/span><\/div><div class=\"bs-post__title\"><p>TechAdvantage<\/p><\/div><div class=\"bs-post__description\"><p><\/p><\/div><div class=\"bs-post__learn-more\"><span class=\"btn learn-more-text bs-post__learn-more-text\">Read More<\/span><\/div><\/div>\t\t\t\t<\/div>\n\t\t\t\t<\/a>\t\t\t<\/div>\n\t\t<\/div>\n\t\t<\/div><\/div>\n<\/div>\n<\/div>\n<\/div>\n\n\n\n<div class=\"bs-row row   bs-row---default bs-row--pagination\">\n<div class=\" bs-column col-sm-12   bs-column-5f6574ebb29ac8d58ab608d2aff5b1bbe4f96332 bs-column---default     \">\n<div class=\"bs-div bs-div-6727075ac4206cad7095f76814d50e5acbd26d0c bs-div---default bs-div--common-pagination\"><div class=\"bs-div__inner     \"><div class=\"facetwp-facet facetwp-facet-pagination facetwp-type-pager\" data-name=\"pagination\" data-type=\"pager\"><\/div>\n<\/div><\/div>\n<\/div>\n<\/div>\n<\/div><\/section>\n\n\n\n\n\n<section class=\"bs-section bs-section-6da84eb0312a4aedf48e5c5eadf2409c83dafddc bs-section---default bs-section--common-get-in-touch-cta  \"><div class=\"container\">\n<div class=\"bs-row row   bs-row---default\">\n<div class=\" bs-column col-sm-12   bs-column-5f6574ebb29ac8d58ab608d2aff5b1bbe4f96332 bs-column---default     \">\n<h2 class=\"wp-block-heading has-text-align-center\">Vous souhaitez nous contacter?<\/h2>\n\n\n\n<span class=\"bs-pro-button bs-pro-button---default bs-pro-button--primary bs-pro-button-p-btn-c720990402607d1a863c2d4a07a0327f8758c23c\"><style>.bs-pro-button-p-btn-c720990402607d1a863c2d4a07a0327f8758c23c .bs-pro-button__container {background-color: #abb8c3; color: #000000;}<\/style><a href=\"https:\/\/www.deltastar.com\/fr\/contact-us\/\" target=\"\" rel=\"noopener noreferrer\" class=\"bs-pro-button__container\">Nous contacter<\/a><\/span>\n<\/div>\n<\/div>\n<\/div><\/section>\n\n\n\n\n","protected":false},"excerpt":{"rendered":"","protected":false},"author":2,"featured_media":0,"parent":0,"menu_order":0,"comment_status":"closed","ping_status":"closed","template":"","meta":{"_acf_changed":false,"show_custom_date":false,"custom_date":"","featured":false,"featured_image":0,"learn_more_label":"","image_alt_text":"","learn_more_type":"","learn_more_link":[],"show_popup":false,"disable_iframe":false,"learn_more_link_file":0,"event_date":false,"event_start_date":"","event_end_date":"","featured_page_list":[],"footnotes":""},"class_list":["post-8649","page","type-page","status-publish","hentry"],"acf":[],"yoast_head":"<!-- This site is optimized with the Yoast SEO Premium plugin v26.9 (Yoast SEO v27.4) - https:\/\/yoast.com\/product\/yoast-seo-premium-wordpress\/ -->\n<title>\u00c9v\u00e9nements | Delta Star<\/title>\n<meta name=\"robots\" content=\"index, follow, max-snippet:-1, max-image-preview:large, max-video-preview:-1\" \/>\n<link rel=\"canonical\" href=\"https:\/\/www.deltastar.com\/fr\/events\/\" \/>\n<meta property=\"og:locale\" content=\"fr_FR\" \/>\n<meta property=\"og:type\" content=\"article\" \/>\n<meta property=\"og:title\" content=\"\u00c9v\u00e9nements\" \/>\n<meta property=\"og:url\" content=\"https:\/\/www.deltastar.com\/fr\/events\/\" \/>\n<meta property=\"og:site_name\" content=\"Delta Star\" \/>\n<meta property=\"article:publisher\" content=\"https:\/\/www.facebook.com\/deltastarinc\" \/>\n<meta property=\"article:modified_time\" content=\"2026-01-06T15:49:06+00:00\" \/>\n<meta name=\"twitter:card\" content=\"summary_large_image\" \/>\n<meta name=\"twitter:label1\" content=\"Dur\u00e9e de lecture estim\u00e9e\" \/>\n\t<meta name=\"twitter:data1\" content=\"1 minute\" \/>\n<script type=\"application\/ld+json\" class=\"yoast-schema-graph\">{\"@context\":\"https:\\\/\\\/schema.org\",\"@graph\":[{\"@type\":\"WebPage\",\"@id\":\"https:\\\/\\\/www.deltastar.com\\\/fr\\\/events\\\/\",\"url\":\"https:\\\/\\\/www.deltastar.com\\\/fr\\\/events\\\/\",\"name\":\"\u00c9v\u00e9nements | Delta Star\",\"isPartOf\":{\"@id\":\"https:\\\/\\\/www.deltastar.com\\\/fr\\\/#website\"},\"datePublished\":\"2022-12-09T14:04:27+00:00\",\"dateModified\":\"2026-01-06T15:49:06+00:00\",\"breadcrumb\":{\"@id\":\"https:\\\/\\\/www.deltastar.com\\\/fr\\\/events\\\/#breadcrumb\"},\"inLanguage\":\"fr-FR\",\"potentialAction\":[{\"@type\":\"ReadAction\",\"target\":[\"https:\\\/\\\/www.deltastar.com\\\/fr\\\/events\\\/\"]}]},{\"@type\":\"BreadcrumbList\",\"@id\":\"https:\\\/\\\/www.deltastar.com\\\/fr\\\/events\\\/#breadcrumb\",\"itemListElement\":[{\"@type\":\"ListItem\",\"position\":1,\"name\":\"Home\",\"item\":\"https:\\\/\\\/www.deltastar.com\\\/fr\\\/\"},{\"@type\":\"ListItem\",\"position\":2,\"name\":\"\u00c9v\u00e9nements\"}]},{\"@type\":\"WebSite\",\"@id\":\"https:\\\/\\\/www.deltastar.com\\\/fr\\\/#website\",\"url\":\"https:\\\/\\\/www.deltastar.com\\\/fr\\\/\",\"name\":\"Delta Star\",\"description\":\"Industrial Power Solutions | Power At All Times\",\"publisher\":{\"@id\":\"https:\\\/\\\/www.deltastar.com\\\/fr\\\/#organization\"},\"potentialAction\":[{\"@type\":\"SearchAction\",\"target\":{\"@type\":\"EntryPoint\",\"urlTemplate\":\"https:\\\/\\\/www.deltastar.com\\\/fr\\\/?s={search_term_string}\"},\"query-input\":{\"@type\":\"PropertyValueSpecification\",\"valueRequired\":true,\"valueName\":\"search_term_string\"}}],\"inLanguage\":\"fr-FR\"},{\"@type\":\"Organization\",\"@id\":\"https:\\\/\\\/www.deltastar.com\\\/fr\\\/#organization\",\"name\":\"Delta Star\",\"url\":\"https:\\\/\\\/www.deltastar.com\\\/fr\\\/\",\"logo\":{\"@type\":\"ImageObject\",\"inLanguage\":\"fr-FR\",\"@id\":\"https:\\\/\\\/www.deltastar.com\\\/fr\\\/#\\\/schema\\\/logo\\\/image\\\/\",\"url\":\"https:\\\/\\\/www.deltastar.com\\\/wp-content\\\/uploads\\\/2023\\\/02\\\/Delta-Star-New-Logo-v1.svg\",\"contentUrl\":\"https:\\\/\\\/www.deltastar.com\\\/wp-content\\\/uploads\\\/2023\\\/02\\\/Delta-Star-New-Logo-v1.svg\",\"width\":65,\"height\":64,\"caption\":\"Delta Star\"},\"image\":{\"@id\":\"https:\\\/\\\/www.deltastar.com\\\/fr\\\/#\\\/schema\\\/logo\\\/image\\\/\"},\"sameAs\":[\"https:\\\/\\\/www.facebook.com\\\/deltastarinc\",\"https:\\\/\\\/www.linkedin.com\\\/company\\\/deltastarinc\"]}]}<\/script>\n<!-- \/ Yoast SEO Premium plugin. -->","yoast_head_json":{"title":"\u00c9v\u00e9nements | Delta Star","robots":{"index":"index","follow":"follow","max-snippet":"max-snippet:-1","max-image-preview":"max-image-preview:large","max-video-preview":"max-video-preview:-1"},"canonical":"https:\/\/www.deltastar.com\/fr\/events\/","og_locale":"fr_FR","og_type":"article","og_title":"\u00c9v\u00e9nements","og_url":"https:\/\/www.deltastar.com\/fr\/events\/","og_site_name":"Delta Star","article_publisher":"https:\/\/www.facebook.com\/deltastarinc","article_modified_time":"2026-01-06T15:49:06+00:00","twitter_card":"summary_large_image","twitter_misc":{"Dur\u00e9e de lecture estim\u00e9e":"1 minute"},"schema":{"@context":"https:\/\/schema.org","@graph":[{"@type":"WebPage","@id":"https:\/\/www.deltastar.com\/fr\/events\/","url":"https:\/\/www.deltastar.com\/fr\/events\/","name":"\u00c9v\u00e9nements | Delta Star","isPartOf":{"@id":"https:\/\/www.deltastar.com\/fr\/#website"},"datePublished":"2022-12-09T14:04:27+00:00","dateModified":"2026-01-06T15:49:06+00:00","breadcrumb":{"@id":"https:\/\/www.deltastar.com\/fr\/events\/#breadcrumb"},"inLanguage":"fr-FR","potentialAction":[{"@type":"ReadAction","target":["https:\/\/www.deltastar.com\/fr\/events\/"]}]},{"@type":"BreadcrumbList","@id":"https:\/\/www.deltastar.com\/fr\/events\/#breadcrumb","itemListElement":[{"@type":"ListItem","position":1,"name":"Home","item":"https:\/\/www.deltastar.com\/fr\/"},{"@type":"ListItem","position":2,"name":"\u00c9v\u00e9nements"}]},{"@type":"WebSite","@id":"https:\/\/www.deltastar.com\/fr\/#website","url":"https:\/\/www.deltastar.com\/fr\/","name":"Delta Star","description":"Industrial Power Solutions | Power At All Times","publisher":{"@id":"https:\/\/www.deltastar.com\/fr\/#organization"},"potentialAction":[{"@type":"SearchAction","target":{"@type":"EntryPoint","urlTemplate":"https:\/\/www.deltastar.com\/fr\/?s={search_term_string}"},"query-input":{"@type":"PropertyValueSpecification","valueRequired":true,"valueName":"search_term_string"}}],"inLanguage":"fr-FR"},{"@type":"Organization","@id":"https:\/\/www.deltastar.com\/fr\/#organization","name":"Delta Star","url":"https:\/\/www.deltastar.com\/fr\/","logo":{"@type":"ImageObject","inLanguage":"fr-FR","@id":"https:\/\/www.deltastar.com\/fr\/#\/schema\/logo\/image\/","url":"https:\/\/www.deltastar.com\/wp-content\/uploads\/2023\/02\/Delta-Star-New-Logo-v1.svg","contentUrl":"https:\/\/www.deltastar.com\/wp-content\/uploads\/2023\/02\/Delta-Star-New-Logo-v1.svg","width":65,"height":64,"caption":"Delta Star"},"image":{"@id":"https:\/\/www.deltastar.com\/fr\/#\/schema\/logo\/image\/"},"sameAs":["https:\/\/www.facebook.com\/deltastarinc","https:\/\/www.linkedin.com\/company\/deltastarinc"]}]}},"_links":{"self":[{"href":"https:\/\/www.deltastar.com\/fr\/wp-json\/wp\/v2\/pages\/8649","targetHints":{"allow":["GET"]}}],"collection":[{"href":"https:\/\/www.deltastar.com\/fr\/wp-json\/wp\/v2\/pages"}],"about":[{"href":"https:\/\/www.deltastar.com\/fr\/wp-json\/wp\/v2\/types\/page"}],"author":[{"embeddable":true,"href":"https:\/\/www.deltastar.com\/fr\/wp-json\/wp\/v2\/users\/2"}],"replies":[{"embeddable":true,"href":"https:\/\/www.deltastar.com\/fr\/wp-json\/wp\/v2\/comments?post=8649"}],"version-history":[{"count":0,"href":"https:\/\/www.deltastar.com\/fr\/wp-json\/wp\/v2\/pages\/8649\/revisions"}],"wp:attachment":[{"href":"https:\/\/www.deltastar.com\/fr\/wp-json\/wp\/v2\/media?parent=8649"}],"curies":[{"name":"wp","href":"https:\/\/api.w.org\/{rel}","templated":true}]}}