{"id":8728,"date":"2022-12-09T05:24:55","date_gmt":"2022-12-09T10:24:55","guid":{"rendered":"https:\/\/www.deltastar.com\/unitized-substations\/"},"modified":"2026-02-09T10:27:37","modified_gmt":"2026-02-09T15:27:37","slug":"unitized-substations","status":"publish","type":"page","link":"https:\/\/www.deltastar.com\/fr\/unitized-substations\/","title":{"rendered":"Solutions Compactes"},"content":{"rendered":"\n\n\n<section class=\"bs-section bs-section-080da94b89ac18a07531a99c37c75ed8876e7170 bs-section---default bs-section--common-careers-page-banner bs-section--common-byneed-page-banner bs-section--product-l1-banner bs-section--product-l2-banner bs-section--common-product-l2-banner-change  \"><div class=\"container\">\n<div class=\"bs-row row   bs-row---default\">\n<div class=\" bs-column col-sm-12   bs-column-5f6574ebb29ac8d58ab608d2aff5b1bbe4f96332 bs-column---default     \">\n<div class=\"bs-div bs-div-a98bfdfb7310cce08ae00962fe34a9a406923f26 bs-div---default bs-div--by-need-banner\"><div class=\"bs-div__inner     \">\n<h1 class=\"wp-block-heading\" id=\"h-sous-stations-nbsp-compactes\"><strong>Sous-stations&nbsp;compactes<\/strong><\/h1>\n\n\n\n<p>Nos sous-stations&nbsp;compactes&nbsp;sont reconnues pour leur fiabilit\u00e9 exceptionnelle, gr\u00e2ce \u00e0 des conceptions et des composants de premi\u00e8re qualit\u00e9.<\/p>\n\n\n\n<span class=\"bs-pro-button bs-pro-button---default bs-pro-button--primary bs-pro-button-p-btn-b75da1540a4a0adab58ea33d7ff3f9fef128fe26\"><style>.bs-pro-button-p-btn-b75da1540a4a0adab58ea33d7ff3f9fef128fe26 .bs-pro-button__container {background-color: #abb8c3; color: #000000;}<\/style><a href=\"https:\/\/www.deltastar.com\/fr\/find-a-rep\/\" target=\"\" rel=\"noopener noreferrer\" class=\"bs-pro-button__container\">Demandez&nbsp;des&nbsp;renseignements<\/a><\/span>\n<\/div><\/div>\n<\/div>\n\n\n\n<div class=\" bs-column col-sm-12   bs-column-5f6574ebb29ac8d58ab608d2aff5b1bbe4f96332 bs-column---default     \"><div class='media-elements bs-media-element---default enable'>    <div class='bs-common-mask'>\n                <div class='bs-common-mask__wrap'><div class='bs-common-image'>\n                            <figure class='figure justify-content-start d-flex'>\n                            <picture>\n                            <source srcset=\"https:\/\/www.deltastar.com\/wp-content\/uploads\/2026\/01\/Uni-Mobile.jpg\" media=\"(max-width:575px)\">\n                            <img src='https:\/\/www.deltastar.com\/wp-content\/uploads\/2026\/01\/Uni-Desktop.jpg' class='img-fluid' alt='' title=''  \/>\n                            <\/picture>\n                                \n                            <\/figure>\n                        <\/div><div class='bs-common-mask__layer' style=\"background-image: url('https:\/\/www.deltastar.com\/wp-content\/uploads\/2022\/12\/banner-shapes.svg');\">\n                        <\/div>\n                    <\/div>\n                    <\/div><\/div><\/div>\n<\/div>\n<\/div><\/section>\n\n\n\n\n\n\n\n\n\n<section class=\"bs-section bs-section-93480dcc6e9509fcb7863d46fe2bf0b59614469e bs-section---default bs-section--product-l2-built-to-withstand  \"><div class=\"container\">\n<div class=\"bs-row row   bs-row---default\">\n<div class=\" bs-column col-sm-12   bs-column-5f6574ebb29ac8d58ab608d2aff5b1bbe4f96332 bs-column---default     \">\n<div class=\"bs-div bs-div-18fa47d6f9457216c328f0652d057e94286845eb bs-div---default bs-div--common-section-lottie-title\"><div class=\"bs-div__inner     \"><div class=\"bs-lottie-animator bs-lottie-animator---default\"\n            id=lottie-2b92ba28-0d27-4fdc-8a0a-ce2dec5d8b8e\n            data-settings={\"desktop\":{\"settings\":{\"animateViewPort\":50,\"direction\":1,\"delay\":0,\"loop\":false,\"fileName\":\"section-title-lottie.json\",\"mouseOutAction\":\"none\",\"numberOfLoops\":0,\"playSpeed\":1,\"path\":\"https:\\\/\\\/www.deltastar.com\\\/wp-content\\\/uploads\\\/2023\\\/01\\\/section-title-lottie.json\",\"scrollRelativeTo\":\"withinSection\",\"trigger\":false,\"triggerMethod\":\"pageHover\",\"oneTimePlay\":true}},\"mobile\":{\"breakpoint\":576,\"settings\":{\"animateViewPort\":50,\"direction\":1,\"delay\":0,\"loop\":false,\"fileName\":\"\",\"mouseOutAction\":\"none\",\"numberOfLoops\":0,\"playSpeed\":1,\"path\":\"\",\"scrollRelativeTo\":\"withinSection\",\"trigger\":false,\"triggerMethod\":\"pageHover\",\"oneTimePlay\":true}}}\n          ><\/div>\n\n\n<h2 class=\"wp-block-heading\" id=\"h-flexibilite-operationnelle\">Flexibilit\u00e9 op\u00e9rationnelle<\/h2>\n<\/div><\/div>\n<\/div>\n<\/div>\n\n\n\n<div class=\"bs-row row   bs-row---default\">\n<div class=\" bs-column col-12  col-sm-12 col-xs-12 col-lg-0 col-xl-0 col-md-0   bs-column-e06c006d0ef9c81ce7cf3106cb42a738d982893a bs-column---default     \">\n<div class=\"bs-div bs-div-10f5884ceec8eab1ec489346c275f5a05a0ca355 bs-div---default bs-div--build-to-withstand\"><div class=\"bs-div__inner     \"><div class=\"bs-lottie-animator bs-exclude-init bs-lottie-animator---default bs-lottie-animator--animate-seperate\"\n            id=lottie-068df3dc-8733-47ab-82f9-24d9d2ca4aa7\n            data-settings={\"desktop\":{\"settings\":{\"animateViewPort\":50,\"direction\":1,\"delay\":0,\"loop\":false,\"fileName\":\"Check-Mark.json\",\"mouseOutAction\":\"none\",\"numberOfLoops\":0,\"playSpeed\":1,\"path\":\"https:\\\/\\\/www.deltastar.com\\\/wp-content\\\/uploads\\\/2023\\\/02\\\/Check-Mark.json\",\"scrollRelativeTo\":\"withinSection\",\"trigger\":false,\"triggerMethod\":\"pageHover\",\"oneTimePlay\":true}},\"mobile\":{\"breakpoint\":576,\"settings\":{\"animateViewPort\":50,\"direction\":1,\"delay\":0,\"loop\":false,\"fileName\":\"\",\"mouseOutAction\":\"none\",\"numberOfLoops\":0,\"playSpeed\":1,\"path\":\"\",\"scrollRelativeTo\":\"withinSection\",\"trigger\":false,\"triggerMethod\":\"pageHover\"}}}\n          ><\/div>\n\n\n<div class=\"bs-card bs-card---default bs-card--no-image\"><div class=\"bs-card__container\n\t\t\t\t\n\t\t\t\t\"><div class=\"bs-card__title\"><h3>Efficacit\u00e9<\/h3><\/div><div class=\"bs-card__description\"><p><mark style=\"background-color:rgba(0, 0, 0, 0)\" class=\"has-inline-color has-pure-white-color\"><mark style=\"background-color:rgba(0, 0, 0, 0)\" class=\"has-inline-color has-pure-white-color\">Les\u00a0sous-stations\u00a0compactes\u00a0peuvent\u00a0simplifier\u00a0<\/mark><\/mark><br><mark style=\"background-color:rgba(0, 0, 0, 0)\" class=\"has-inline-color has-pure-white-color\"><mark style=\"background-color:rgba(0, 0, 0, 0)\" class=\"has-inline-color has-pure-white-color\">les op\u00e9rations et minimiser les temps d&rsquo;arr\u00eat.<\/mark><\/mark><\/p><\/div><\/div><\/div>\n<\/div><\/div>\n\n\n\n<div class=\"bs-div bs-div-10f5884ceec8eab1ec489346c275f5a05a0ca355 bs-div---default bs-div--build-to-withstand\"><div class=\"bs-div__inner     \"><div class=\"bs-lottie-animator bs-exclude-init bs-lottie-animator---default bs-lottie-animator--animate-seperate\"\n            id=lottie-068df3dc-8733-47ab-82f9-24d9d2ca4aa7\n            data-settings={\"desktop\":{\"settings\":{\"animateViewPort\":50,\"direction\":1,\"delay\":0,\"loop\":false,\"fileName\":\"Check-Mark-02.json\",\"mouseOutAction\":\"none\",\"numberOfLoops\":0,\"playSpeed\":1,\"path\":\"https:\\\/\\\/www.deltastar.com\\\/wp-content\\\/uploads\\\/2023\\\/02\\\/Check-Mark-02.json\",\"scrollRelativeTo\":\"withinSection\",\"trigger\":false,\"triggerMethod\":\"pageHover\",\"oneTimePlay\":true}},\"mobile\":{\"breakpoint\":576,\"settings\":{\"animateViewPort\":50,\"direction\":1,\"delay\":0,\"loop\":false,\"fileName\":\"\",\"mouseOutAction\":\"none\",\"numberOfLoops\":0,\"playSpeed\":1,\"path\":\"\",\"scrollRelativeTo\":\"withinSection\",\"trigger\":false,\"triggerMethod\":\"pageHover\"}}}\n          ><\/div>\n\n\n<div class=\"bs-card bs-card---default bs-card--no-image\"><div class=\"bs-card__container\n\t\t\t\t\n\t\t\t\t\"><div class=\"bs-card__title\"><h3>Flexibilit\u00e9<\/h3><\/div><div class=\"bs-card__description\"><p><mark style=\"background-color:rgba(0, 0, 0, 0)\" class=\"has-inline-color has-pure-white-color\">Les\u00a0sous-stations\u00a0compactes\u00a0peuvent \u00eatre utilis\u00e9es sur des sites\u00a0isol\u00e9s\u00a0ou dans des zones difficiles d&rsquo;acc\u00e8s ou sujettes \u00e0 des conditions climatiques d\u00e9favorables.<\/mark><\/p><\/div><\/div><\/div>\n<\/div><\/div>\n\n\n\n<div class=\"bs-div bs-div-10f5884ceec8eab1ec489346c275f5a05a0ca355 bs-div---default bs-div--build-to-withstand\"><div class=\"bs-div__inner     \"><div class=\"bs-lottie-animator bs-exclude-init bs-lottie-animator---default bs-lottie-animator--animate-seperate\"\n            id=lottie-068df3dc-8733-47ab-82f9-24d9d2ca4aa7\n            data-settings={\"desktop\":{\"settings\":{\"animateViewPort\":50,\"direction\":1,\"delay\":0,\"loop\":false,\"fileName\":\"Check-Mark-03.json\",\"mouseOutAction\":\"none\",\"numberOfLoops\":0,\"playSpeed\":1,\"path\":\"https:\\\/\\\/www.deltastar.com\\\/wp-content\\\/uploads\\\/2023\\\/02\\\/Check-Mark-03.json\",\"scrollRelativeTo\":\"withinSection\",\"trigger\":false,\"triggerMethod\":\"pageHover\",\"oneTimePlay\":true}},\"mobile\":{\"breakpoint\":576,\"settings\":{\"animateViewPort\":50,\"direction\":1,\"delay\":0,\"loop\":false,\"fileName\":\"\",\"mouseOutAction\":\"none\",\"numberOfLoops\":0,\"playSpeed\":1,\"path\":\"\",\"scrollRelativeTo\":\"withinSection\",\"trigger\":false,\"triggerMethod\":\"pageHover\"}}}\n          ><\/div>\n\n\n<div class=\"bs-card bs-card---default bs-card--no-image\"><div class=\"bs-card__container\n\t\t\t\t\n\t\t\t\t\"><div class=\"bs-card__title\"><h3>Fiabilit\u00e9<\/h3><\/div><div class=\"bs-card__description\"><p><mark style=\"background-color:rgba(0, 0, 0, 0)\" class=\"has-inline-color has-pure-white-color\">Les\u00a0sous-stations\u00a0compactes\u00a0peuvent aider \u00e0 prot\u00e9ger l&rsquo;infrastructure \u00e9lectrique.<\/mark><\/p><\/div><\/div><\/div>\n<\/div><\/div>\n\n\n\n<div class=\"bs-div bs-div-10f5884ceec8eab1ec489346c275f5a05a0ca355 bs-div---default bs-div--build-to-withstand\"><div class=\"bs-div__inner     \"><div class=\"bs-lottie-animator bs-exclude-init bs-lottie-animator---default bs-lottie-animator--animate-seperate\"\n            id=lottie-068df3dc-8733-47ab-82f9-24d9d2ca4aa7\n            data-settings={\"desktop\":{\"settings\":{\"animateViewPort\":50,\"direction\":1,\"delay\":0,\"loop\":false,\"fileName\":\"Check-Mark-04.json\",\"mouseOutAction\":\"none\",\"numberOfLoops\":0,\"playSpeed\":1,\"path\":\"https:\\\/\\\/www.deltastar.com\\\/wp-content\\\/uploads\\\/2023\\\/03\\\/Check-Mark-04.json\",\"scrollRelativeTo\":\"withinSection\",\"trigger\":false,\"triggerMethod\":\"pageHover\",\"oneTimePlay\":true}},\"mobile\":{\"breakpoint\":576,\"settings\":{\"animateViewPort\":50,\"direction\":1,\"delay\":0,\"loop\":false,\"fileName\":\"\",\"mouseOutAction\":\"none\",\"numberOfLoops\":0,\"playSpeed\":1,\"path\":\"\",\"scrollRelativeTo\":\"withinSection\",\"trigger\":false,\"triggerMethod\":\"pageHover\"}}}\n          ><\/div>\n\n\n<div class=\"bs-card bs-card---default bs-card--no-image\"><div class=\"bs-card__container\n\t\t\t\t\n\t\t\t\t\"><div class=\"bs-card__title\"><h3>\u00c9conomies<\/h3><\/div><div class=\"bs-card__description\"><p><mark style=\"background-color:rgba(0, 0, 0, 0)\" class=\"has-inline-color has-pure-white-color\">Les\u00a0sous-stations\u00a0compactes\u00a0permettent de gagner du temps, de l&rsquo;espace et de la main-d&rsquo;\u0153uvre.<\/mark><\/p><\/div><\/div><\/div>\n<\/div><\/div>\n<\/div>\n<\/div>\n<\/div><\/section>\n\n\n\n\n\n\n\n\n\n<section class=\"bs-section bs-section-aa3fdba623a493bb26a22d8162978d2ced61edc0 bs-section---default bs-section--product-l2-highly-capable  \"><style>.bs-section.bs-section-aa3fdba623a493bb26a22d8162978d2ced61edc0{ background-color: #002856;} <\/style><div class=\"container\">\n<div class=\"bs-row row   bs-row---default\">\n<div class=\" bs-column col-sm-12   bs-column-5f6574ebb29ac8d58ab608d2aff5b1bbe4f96332 bs-column---default     \">\n<h2 class=\"wp-block-heading\" id=\"h-capacites-des-sous-stations-compactes\">Capacit\u00e9s des sous-stations compactes<\/h2>\n\n\n<div id=\"accordion_c0bad0854fea_container\" class=\"bs-slider-accordion bs-slider-accordion---default bs-slider-accordion--highly-capable \"  data-attributes='{\"accordionClassNames\":[{\"value\":\"bs-slider-accordion---default\",\"label\":\"Default\"},{\"value\":\"bs-slider-accordion--highly-capable\",\"label\":\"Highly Capable\"}],\"sliderEnabled\":true,\"slidesToShow\":4,\"breakpoint\":992,\"variableWidth\":true,\"infinite\":false,\"accordionIndex\":1,\"defaultOpenIndex\":0,\"slideArrows\":false,\"slideDots\":false,\"slidesToScroll\":1,\"autoplay\":false,\"autoplaySpeed\":1000,\"visibility\":true,\"focusOnSelect\":true,\"enableProgressBar\":false,\"fadeIn\":false}'><div class='bs-slider-accordion-slick' id='accordion_c0bad0854fea' data-fadein='' data-slick={\"slidesToShow\":4,\"slidesToScroll\":1,\"arrows\":false,\"dots\":false,\"autoplay\":false,\"autoplaySpeed\":1000,\"variableWidth\":true,\"infinite\":false,\"initialSlide\":0,\"asNavFor\":\"#accordion_c0bad0854fea_navigation_container\",\"focusOnSelect\":true,\"responsive\":[{\"breakpoint\":992,\"settings\":\"unslick\"}]} ><div class=\"card bs-active\">  <div class=\"card-header accordion__block__btn\" id=\"panel_f217ee8586b4_header\"\n\t\tdata-toggle=\"collapse\"\n        data-target=\"#panel_f217ee8586b4\"\n        aria-expanded=\"true\"\n        aria-controls=\"panel_f217ee8586b4\"\n        ><span>MVA<\/div><div\n                    id=\"panel_f217ee8586b4\"\n                    class=\"card-panel collapse show\"\n                    aria-labelledby=\"panel_f217ee8586b4_header\"\n                    data-parent=\"#accordion_c0bad0854fea\"\n                ><div class=\"card-body\"><\/div><\/div><\/div><div class=\"card \">  <div class=\"card-header accordion__block__btn\" id=\"panel_4a8e5dfba3ed_header\"\n\t\tdata-toggle=\"collapse\"\n        data-target=\"#panel_4a8e5dfba3ed\"\n        aria-expanded=\"false\"\n        aria-controls=\"panel_4a8e5dfba3ed\"\n        ><span>HV KV<\/div><div\n                    id=\"panel_4a8e5dfba3ed\"\n                    class=\"card-panel collapse \"\n                    aria-labelledby=\"panel_4a8e5dfba3ed_header\"\n                    data-parent=\"#accordion_c0bad0854fea\"\n                ><div class=\"card-body\"><\/div><\/div><\/div><\/div><div class=\"bs-slider-accordion__floating-panel-container\"><div class=\"bs-slider-accordion__floating-panel show bs-visibility-hidden\" data-parent=\"#panel_f217ee8586b4\">\n<div class=\"bs-div bs-div-91103da672f431009115c2b4dd3e89284290a37b bs-div---default\"><div class=\"bs-div__inner     \">\n<figure class=\"wp-block-table\"><table><thead><tr><th>TYPE<\/th><th>MVA<\/th><\/tr><\/thead><tbody><tr><td>Sous-stations Compactes<\/td><td>Jusqu\u2019\u00e0 100<\/td><\/tr><tr><td>Autotransformateur<\/td><td>Jusqu\u2019\u00e0 100<\/td><\/tr><tr><td>R\u00e9gulateur de Tension<\/td><td>Jusqu\u2019\u00e0 7<\/td><\/tr><\/tbody><\/table><\/figure>\n<\/div><\/div>\n\n<div class=\"bs-div bs-div-fbb78b887198cd909a1c6b39ec7a8acda89e2bef bs-div---default\"><div class=\"bs-div__inner     \"><div class='media-elements bs-media-element---default enable'>\t<div class=\" video-wrapper\">\n\t\t<video autoplay muted class=\"w-100\" preload=\"metadata\" poster=\"\" playsinline>\n\t\t\t\t\t\t\t<source src=\"https:\/\/www.deltastar.com\/wp-content\/uploads\/2023\/02\/Substation-Solutions_1-hevc-safari.mp4#t=0.01\" type=\"video\/mp4; codecs=&quot;hvc1&quot;\">\n\t\t\t\t\t\t\t<source src=\"https:\/\/www.deltastar.com\/wp-content\/uploads\/2023\/02\/Substation-Solutions_1-vp9-chrome.webm#t=0.01\" type=\"video\/webm\">\n\t\t\t\t\t\tYour browser does not support HTML5 video.\t\t<\/video>\n\t\t\t\t\t<\/div>\n\n<\/div>\n\n\n<p><\/p>\n<\/div><\/div>\n<\/div><div class=\"bs-slider-accordion__floating-panel  bs-visibility-hidden\" data-parent=\"#panel_4a8e5dfba3ed\">\n<div class=\"bs-div bs-div-91103da672f431009115c2b4dd3e89284290a37b bs-div---default\"><div class=\"bs-div__inner     \">\n<figure class=\"wp-block-table\"><table><thead><tr><th>TYPE<\/th><th class=\"has-text-align-left\" data-align=\"left\">HV kV<\/th><\/tr><\/thead><tbody><tr><td>Sous-stations Compactes<\/td><td class=\"has-text-align-left\" data-align=\"left\">13,2-345<\/td><\/tr><tr><td>Autotransformateur<\/td><td class=\"has-text-align-left\" data-align=\"left\">15-345<\/td><\/tr><tr><td>R\u00e9gulateur de Tension<\/td><td class=\"has-text-align-left\" data-align=\"left\">5-69<\/td><\/tr><\/tbody><\/table><\/figure>\n<\/div><\/div>\n\n<div class=\"bs-div bs-div-91103da672f431009115c2b4dd3e89284290a37b bs-div---default\"><div class=\"bs-div__inner     \"><\/div><\/div>\n<\/div><\/div><div id=\"accordion_c0bad0854fea_navigation_container\" class=\"bs-slider-accordion__navigation-panel-container\"data-slick={\"arrows\":false,\"autoplay\":false,\"autoplaySpeed\":1000,\"infinite\":false,\"initialSlide\":0,\"asNavFor\":\"#accordion_c0bad0854fea\",\"focusOnSelect\":true,\"responsive\":[{\"breakpoint\":992,\"settings\":\"unslick\"}]}><div class=\"bs-slider-accordion__navigation-panel\"><\/div><div class=\"bs-slider-accordion__navigation-panel\"><\/div><\/div><\/div><\/div>\n<\/div>\n<\/div><\/section>\n\n\n\n\n\n\n\n\n\n\n\n\n\n\n\n\n\n\n\n\n\n\n\n\n\n<section class=\"bs-section bs-section-6da84eb0312a4aedf48e5c5eadf2409c83dafddc bs-section---default bs-section--common-get-in-touch-cta  \"><div class=\"container\">\n<div class=\"bs-row row   bs-row---default\">\n<div class=\" bs-column col-sm-12   bs-column-5f6574ebb29ac8d58ab608d2aff5b1bbe4f96332 bs-column---default     \">\n<h2 class=\"wp-block-heading has-text-align-center\" id=\"h-vous-nbsp-voulez-nbsp-en-nbsp-savoir-plus\">Vous&nbsp;voulez&nbsp;en&nbsp;savoir plus?<\/h2>\n\n\n\n<span class=\"bs-pro-button bs-pro-button---default bs-pro-button--primary bs-pro-button-p-btn-eef336ab6b04c15c1947ddaa878558b98ee71e27\"><style>.bs-pro-button-p-btn-eef336ab6b04c15c1947ddaa878558b98ee71e27 .bs-pro-button__container {background-color: #abb8c3; color: #000000;}<\/style><a href=\"https:\/\/www.deltastar.com\/fr\/contact-us\/\" target=\"\" rel=\"noopener noreferrer\" class=\"bs-pro-button__container\">Nous Contacter<\/a><\/span>\n<\/div>\n<\/div>\n<\/div><\/section>\n\n\n\n\n","protected":false},"excerpt":{"rendered":"","protected":false},"author":2,"featured_media":0,"parent":0,"menu_order":0,"comment_status":"closed","ping_status":"closed","template":"","meta":{"_acf_changed":false,"show_custom_date":false,"custom_date":"","featured":false,"featured_image":0,"learn_more_label":"","image_alt_text":"","learn_more_type":"","learn_more_link":[],"show_popup":false,"disable_iframe":false,"learn_more_link_file":0,"event_date":false,"event_start_date":"","event_end_date":"","featured_page_list":[],"footnotes":""},"class_list":["post-8728","page","type-page","status-publish","hentry"],"acf":[],"yoast_head":"<!-- This site is optimized with the Yoast SEO Premium plugin v26.9 (Yoast SEO v27.5) - https:\/\/yoast.com\/product\/yoast-seo-premium-wordpress\/ -->\n<title>Solutions Compactes | Delta Star<\/title>\n<meta name=\"robots\" content=\"index, follow, max-snippet:-1, max-image-preview:large, max-video-preview:-1\" \/>\n<link rel=\"canonical\" href=\"https:\/\/www.deltastar.com\/fr\/unitized-substations\/\" \/>\n<meta property=\"og:locale\" content=\"fr_FR\" \/>\n<meta property=\"og:type\" content=\"article\" \/>\n<meta property=\"og:title\" content=\"Solutions Compactes\" \/>\n<meta property=\"og:url\" content=\"https:\/\/www.deltastar.com\/fr\/unitized-substations\/\" \/>\n<meta property=\"og:site_name\" content=\"Delta Star\" \/>\n<meta property=\"article:publisher\" content=\"https:\/\/www.facebook.com\/deltastarinc\" \/>\n<meta property=\"article:modified_time\" content=\"2026-02-09T15:27:37+00:00\" \/>\n<meta name=\"twitter:card\" content=\"summary_large_image\" \/>\n<meta name=\"twitter:label1\" content=\"Dur\u00e9e de lecture estim\u00e9e\" \/>\n\t<meta name=\"twitter:data1\" content=\"2 minutes\" \/>\n<script type=\"application\/ld+json\" class=\"yoast-schema-graph\">{\"@context\":\"https:\\\/\\\/schema.org\",\"@graph\":[{\"@type\":\"WebPage\",\"@id\":\"https:\\\/\\\/www.deltastar.com\\\/fr\\\/unitized-substations\\\/\",\"url\":\"https:\\\/\\\/www.deltastar.com\\\/fr\\\/unitized-substations\\\/\",\"name\":\"Solutions Compactes | Delta Star\",\"isPartOf\":{\"@id\":\"https:\\\/\\\/www.deltastar.com\\\/fr\\\/#website\"},\"datePublished\":\"2022-12-09T10:24:55+00:00\",\"dateModified\":\"2026-02-09T15:27:37+00:00\",\"breadcrumb\":{\"@id\":\"https:\\\/\\\/www.deltastar.com\\\/fr\\\/unitized-substations\\\/#breadcrumb\"},\"inLanguage\":\"fr-FR\",\"potentialAction\":[{\"@type\":\"ReadAction\",\"target\":[\"https:\\\/\\\/www.deltastar.com\\\/fr\\\/unitized-substations\\\/\"]}]},{\"@type\":\"BreadcrumbList\",\"@id\":\"https:\\\/\\\/www.deltastar.com\\\/fr\\\/unitized-substations\\\/#breadcrumb\",\"itemListElement\":[{\"@type\":\"ListItem\",\"position\":1,\"name\":\"Home\",\"item\":\"https:\\\/\\\/www.deltastar.com\\\/fr\\\/\"},{\"@type\":\"ListItem\",\"position\":2,\"name\":\"Solutions Compactes\"}]},{\"@type\":\"WebSite\",\"@id\":\"https:\\\/\\\/www.deltastar.com\\\/fr\\\/#website\",\"url\":\"https:\\\/\\\/www.deltastar.com\\\/fr\\\/\",\"name\":\"Delta Star\",\"description\":\"Industrial Power Solutions | Power At All Times\",\"publisher\":{\"@id\":\"https:\\\/\\\/www.deltastar.com\\\/fr\\\/#organization\"},\"potentialAction\":[{\"@type\":\"SearchAction\",\"target\":{\"@type\":\"EntryPoint\",\"urlTemplate\":\"https:\\\/\\\/www.deltastar.com\\\/fr\\\/?s={search_term_string}\"},\"query-input\":{\"@type\":\"PropertyValueSpecification\",\"valueRequired\":true,\"valueName\":\"search_term_string\"}}],\"inLanguage\":\"fr-FR\"},{\"@type\":\"Organization\",\"@id\":\"https:\\\/\\\/www.deltastar.com\\\/fr\\\/#organization\",\"name\":\"Delta Star\",\"url\":\"https:\\\/\\\/www.deltastar.com\\\/fr\\\/\",\"logo\":{\"@type\":\"ImageObject\",\"inLanguage\":\"fr-FR\",\"@id\":\"https:\\\/\\\/www.deltastar.com\\\/fr\\\/#\\\/schema\\\/logo\\\/image\\\/\",\"url\":\"https:\\\/\\\/www.deltastar.com\\\/wp-content\\\/uploads\\\/2023\\\/02\\\/Delta-Star-New-Logo-v1.svg\",\"contentUrl\":\"https:\\\/\\\/www.deltastar.com\\\/wp-content\\\/uploads\\\/2023\\\/02\\\/Delta-Star-New-Logo-v1.svg\",\"width\":65,\"height\":64,\"caption\":\"Delta Star\"},\"image\":{\"@id\":\"https:\\\/\\\/www.deltastar.com\\\/fr\\\/#\\\/schema\\\/logo\\\/image\\\/\"},\"sameAs\":[\"https:\\\/\\\/www.facebook.com\\\/deltastarinc\",\"https:\\\/\\\/www.linkedin.com\\\/company\\\/deltastarinc\"]}]}<\/script>\n<!-- \/ Yoast SEO Premium plugin. -->","yoast_head_json":{"title":"Solutions Compactes | Delta Star","robots":{"index":"index","follow":"follow","max-snippet":"max-snippet:-1","max-image-preview":"max-image-preview:large","max-video-preview":"max-video-preview:-1"},"canonical":"https:\/\/www.deltastar.com\/fr\/unitized-substations\/","og_locale":"fr_FR","og_type":"article","og_title":"Solutions Compactes","og_url":"https:\/\/www.deltastar.com\/fr\/unitized-substations\/","og_site_name":"Delta Star","article_publisher":"https:\/\/www.facebook.com\/deltastarinc","article_modified_time":"2026-02-09T15:27:37+00:00","twitter_card":"summary_large_image","twitter_misc":{"Dur\u00e9e de lecture estim\u00e9e":"2 minutes"},"schema":{"@context":"https:\/\/schema.org","@graph":[{"@type":"WebPage","@id":"https:\/\/www.deltastar.com\/fr\/unitized-substations\/","url":"https:\/\/www.deltastar.com\/fr\/unitized-substations\/","name":"Solutions Compactes | Delta Star","isPartOf":{"@id":"https:\/\/www.deltastar.com\/fr\/#website"},"datePublished":"2022-12-09T10:24:55+00:00","dateModified":"2026-02-09T15:27:37+00:00","breadcrumb":{"@id":"https:\/\/www.deltastar.com\/fr\/unitized-substations\/#breadcrumb"},"inLanguage":"fr-FR","potentialAction":[{"@type":"ReadAction","target":["https:\/\/www.deltastar.com\/fr\/unitized-substations\/"]}]},{"@type":"BreadcrumbList","@id":"https:\/\/www.deltastar.com\/fr\/unitized-substations\/#breadcrumb","itemListElement":[{"@type":"ListItem","position":1,"name":"Home","item":"https:\/\/www.deltastar.com\/fr\/"},{"@type":"ListItem","position":2,"name":"Solutions Compactes"}]},{"@type":"WebSite","@id":"https:\/\/www.deltastar.com\/fr\/#website","url":"https:\/\/www.deltastar.com\/fr\/","name":"Delta Star","description":"Industrial Power Solutions | Power At All Times","publisher":{"@id":"https:\/\/www.deltastar.com\/fr\/#organization"},"potentialAction":[{"@type":"SearchAction","target":{"@type":"EntryPoint","urlTemplate":"https:\/\/www.deltastar.com\/fr\/?s={search_term_string}"},"query-input":{"@type":"PropertyValueSpecification","valueRequired":true,"valueName":"search_term_string"}}],"inLanguage":"fr-FR"},{"@type":"Organization","@id":"https:\/\/www.deltastar.com\/fr\/#organization","name":"Delta Star","url":"https:\/\/www.deltastar.com\/fr\/","logo":{"@type":"ImageObject","inLanguage":"fr-FR","@id":"https:\/\/www.deltastar.com\/fr\/#\/schema\/logo\/image\/","url":"https:\/\/www.deltastar.com\/wp-content\/uploads\/2023\/02\/Delta-Star-New-Logo-v1.svg","contentUrl":"https:\/\/www.deltastar.com\/wp-content\/uploads\/2023\/02\/Delta-Star-New-Logo-v1.svg","width":65,"height":64,"caption":"Delta Star"},"image":{"@id":"https:\/\/www.deltastar.com\/fr\/#\/schema\/logo\/image\/"},"sameAs":["https:\/\/www.facebook.com\/deltastarinc","https:\/\/www.linkedin.com\/company\/deltastarinc"]}]}},"_links":{"self":[{"href":"https:\/\/www.deltastar.com\/fr\/wp-json\/wp\/v2\/pages\/8728","targetHints":{"allow":["GET"]}}],"collection":[{"href":"https:\/\/www.deltastar.com\/fr\/wp-json\/wp\/v2\/pages"}],"about":[{"href":"https:\/\/www.deltastar.com\/fr\/wp-json\/wp\/v2\/types\/page"}],"author":[{"embeddable":true,"href":"https:\/\/www.deltastar.com\/fr\/wp-json\/wp\/v2\/users\/2"}],"replies":[{"embeddable":true,"href":"https:\/\/www.deltastar.com\/fr\/wp-json\/wp\/v2\/comments?post=8728"}],"version-history":[{"count":0,"href":"https:\/\/www.deltastar.com\/fr\/wp-json\/wp\/v2\/pages\/8728\/revisions"}],"wp:attachment":[{"href":"https:\/\/www.deltastar.com\/fr\/wp-json\/wp\/v2\/media?parent=8728"}],"curies":[{"name":"wp","href":"https:\/\/api.w.org\/{rel}","templated":true}]}}